{"id":7,"date":"2022-05-14T14:24:33","date_gmt":"2022-05-14T14:24:33","guid":{"rendered":"https:\/\/hccontadorespublicos.com\/index.php\/mesmerize\/"},"modified":"2022-05-14T17:05:03","modified_gmt":"2022-05-14T17:05:03","slug":"mesmerize","status":"publish","type":"page","link":"https:\/\/hccontadorespublicos.com\/","title":{"rendered":"Front Page"},"content":{"rendered":"<div  id=\"features-10\" style=\"background-color: #ffffff;\" data-label=\"Features\" data-id=\"features-16-card-bordered\" data-export-id=\"features-16-card-bordered\" data-category=\"features\" class=\"features-16-card-bordered content-section content-section-spacing\"><div  class=\"gridContainer\"> <div  class=\"row text-center\"><div  class=\"section-title-col\" data-type=\"column\"> <h2  class=\"\">Porque nuestros clientes importan<\/h2> <p  class=\"lead\">Nuestro personal esta capacitado constantemente en las reformas fiscales y en el acontecer diario del sistema tributario mexicano, garantizando una asesor\u00eda oportuna y eficaz para cualquier tipo de r\u00e9gimen fiscal en que nuestros clientes operan.<\/p><\/div> <\/div> <div  class=\"row spaced-cols\" data-type=\"row\"> <div  class=\"col-xs-12 col-sm-6 col-md-4\"> <div  class=\"card no-padding bordered y-move\"> <a data-cp-link=\"1\" href=\"#\" target=\"_self\" rel=\"noopener\"><img decoding=\"async\"  class=\"face\" src=\"https:\/\/hccontadorespublicos.com\/wp-content\/uploads\/2022\/05\/Atencion.jpg\"><\/a> <div  data-type=\"column\" class=\"col-padding-small col-padding-small-xs description-container\"> <h3  class=\"\">Atenci\u00f3n personalizada<\/h3> <p  class=\"lead\"><\/p><p  class=\"MsoNormal\">\u00a1Ponte en contacto! Perm\u00edtenos ser tu aliado estrat\u00e9gico\npara que tu empresa se desarrolle adecuadamente en t\u00e9rminos fiscales.<br >\n<br >\nEstamos listos para atender tus dudas respecto a cualquier tema contable o\nfiscal.<o  :p=\"\"><\/o><\/p><\/div> <div  data-type=\"column\" class=\"col-padding-small col-padding-small-xs read-more-container\"><\/div> <\/div><\/div> <div  class=\"col-xs-12 col-sm-6 col-md-4\"><div  class=\"card no-padding bordered y-move\"> <img decoding=\"async\"  class=\"face\" src=\"https:\/\/hccontadorespublicos.com\/wp-content\/uploads\/2022\/05\/Experiencia.jpg\" title=\"Experiencia y Conocimiento\" alt=\"\"> <div  data-type=\"column\" class=\"col-padding-small col-padding-small-xs description-container\"> <h3  class=\"\">Experiencia y Conocimiento<\/h3> <p  class=\"lead\"><\/p><p  class=\"MsoNormal\">M\u00e1s de 20 a\u00f1os de ejercicio profesional y la capacitaci\u00f3n\nconstante de cada uno de los miembros de nuestro equipo est\u00e1n al servicio de\nnuestros clientes para mantener un negocio saludable y libre de riesgos\nfiscales.<o  :p=\"\"><\/o><\/p>\n<\/div> <div  data-type=\"column\" class=\"col-padding-small col-padding-small-xs read-more-container\"><\/div> <\/div><\/div> <div  class=\"col-xs-12 col-sm-6 col-md-4\"><div  class=\"card no-padding bordered y-move\"> <img decoding=\"async\"  class=\"face\" src=\"https:\/\/hccontadorespublicos.com\/wp-content\/uploads\/2022\/05\/Compromiso.jpg\" title=\"Compromiso\" alt=\"\"> <div  data-type=\"column\" class=\"col-padding-small col-padding-small-xs description-container\"> <h3  class=\"\">Compromiso<\/h3> <p  class=\"lead\"><\/p><p  class=\"MsoNormal\">Sabemos que la tranquilidad financiera y fiscal es esencial\npara que un negocio crezca, por ello hemos conformado un equipo de profesionales\ncuyo compromiso es trabajar cada d\u00eda para ofrecer a nuestros clientes\nsoluciones contables y fiscales oportunas que garanticen el \u00e9xito de su\nnegocio.&nbsp;<o  :p=\"\"><\/o><\/p><\/div> <div  data-type=\"column\" class=\"col-padding-small col-padding-small-xs read-more-container\"><\/div> <\/div><\/div> <\/div><\/div> <\/div><div  data-label=\"Features\" data-id=\"features--1\" data-export-id=\"features-12-card-bordered\" data-category=\"features\" class=\"features-12-card-bordered content-section content-section-spacing \" id=\"features-11\" style=\"background-color: rgb(245, 250, 253);\"><div  class=\"gridContainer\"> <div  class=\"row text-center\"><div  class=\"section-title-col\" data-type=\"column\"> <h2  class=\"\">Nuestros principales Servicios<\/h2> <\/div> <\/div> <div  class=\"row spaced-cols\" data-type=\"row\"> <div  class=\"col-sm-6\"> <div  class=\"card row-card bordered y-move\"> <div  class=\"row\"> <div  class=\"col-sm-fit icon-column\"> <i  class=\"fa icon color2 fa-bar-chart reverse round\"><\/i> <\/div> <div  class=\"col-sm\" data-type=\"column\"> <h5  class=\"color2\">CONTABILIDAD Y N\u00d3MINA<\/h5> <p  class=\"\">Registro de Operaciones Contables<br >Determinaci\u00f3n de Impuestos<br >Elaboraci\u00f3n de N\u00f3mina<br >Manejo del SUA<br >Elaboraci\u00f3n de REPSE<br >An\u00e1lisis Financieros<\/p><\/div> <\/div><\/div> <\/div> <div  class=\"col-sm-6\"> <div  class=\"card row-card bordered y-move\"> <div  class=\"row\"> <div  class=\"col-sm-fit icon-column\"> <i  class=\"fa icon color2 fa-database reverse round\"><\/i> <\/div> <div  class=\"col-sm\" data-type=\"column\"> <h5  class=\"color2\">GESTI\u00d3N FISCAL<\/h5> <p  class=\"\">Asesor\u00eda Fiscal<br >An\u00e1lisis Fiscal de la Empresa<br >Capacitaciones sobre Reformas<br >Devoluciones de Impuestos<br >Declaraciones de Impuestos\n\n<\/p><\/div> <\/div><\/div> <\/div> <div  class=\"col-sm-6\"> <div  class=\"card row-card bordered y-move\"> <div  class=\"row\"> <div  class=\"col-sm-fit icon-column\"> <i  class=\"fa icon color2 fa-balance-scale reverse round\"><\/i> <\/div> <div  class=\"col-sm\" data-type=\"column\"> <h5  class=\"color2\">AUDITOR\u00cdA<\/h5> <p  class=\"\">Auditor\u00eda Fiscal<br >Auditor\u00eda IMSS<br >Auditor\u00eda INFONAVIT<br >Auditor\u00eda ISN<\/p><\/div> <\/div><\/div> <\/div> <div  class=\"col-sm-6\"> <div  class=\"card row-card bordered y-move\"> <div  class=\"row\"> <div  class=\"col-sm-fit icon-column\"> <i  class=\"fa icon color2 fa-briefcase reverse round\"><\/i> <\/div> <div  class=\"col-sm\" data-type=\"column\"> <h5  class=\"color2\">ASESOR\u00cdA LABORAL<\/h5> <p  class=\"\">Elaboraci\u00f3n de Contratos<br >Defensa Laboral<br >Implementaci\u00f3n de NOM 035\n\n<\/p><\/div> <\/div><\/div> <\/div><\/div> <\/div><\/div><div  id=\"contact-1\" data-label=\"Contact\" data-id=\"contact-1\" data-export-id=\"contact-1\" data-category=\"contact\" class=\"contact-1 content-section content-section-spacing white-text\" data-parallax-depth=\"20\" style=\"background-size: cover; background-position: center top; background-image: url(&quot;https:\/\/hccontadorespublicos.com\/wp-content\/uploads\/2022\/05\/businesswoman-working-on-desk-using-laptop-for-check-data-of-finance-in-office-scaled.jpg&quot;);\"><div  class=\"gridContainer\"> <div  class=\"row text-center\"><div  class=\"section-title-col\" data-type=\"column\"> <h2  class=\"\">\u00a1Ponte en contacto!<\/h2> <p  class=\"lead\">Ten la confianza y certeza que responderemos a tus dudas o comentarios.<\/p><\/div> <\/div> <div  class=\"row text-center\"> <div  class=\"col-xs-12 col-sm-8 col-sm-offset-2 contact-form-wrapper inline-info\"> <div  class=\"card large-padding\"> <div  class=\"\" data-content-shortcode=\"mesmerize_contact_form shortcode=&quot;wpforms id=&amp;amp;quot;48&amp;amp;quot; title=&amp;amp;quot;false&amp;amp;quot;&quot;\" data-editable=\"true\"><div class=\"wpforms-container wpforms-container-full\" id=\"wpforms-48\"><form id=\"wpforms-form-48\" class=\"wpforms-validate wpforms-form\" data-formid=\"48\" method=\"post\" enctype=\"multipart\/form-data\" action=\"\/index.php\/wp-json\/wp\/v2\/pages\/7\" data-token=\"0cad8ee764246a785886fa8cd651ec49\" data-token-time=\"1776760326\"><noscript class=\"wpforms-error-noscript\">Por favor, activa JavaScript en tu navegador para completar este formulario.<\/noscript><div class=\"wpforms-field-container\"><div id=\"wpforms-48-field_3-container\" class=\"wpforms-field wpforms-field-name\" data-field-id=\"3\"><label class=\"wpforms-field-label\" for=\"wpforms-48-field_3\">Nombre Completo <span class=\"wpforms-required-label\">*<\/span><\/label><input type=\"text\" id=\"wpforms-48-field_3\" class=\"wpforms-field-medium wpforms-field-required\" name=\"wpforms[fields][3]\" required><\/div><div id=\"wpforms-48-field_1-container\" class=\"wpforms-field wpforms-field-email\" data-field-id=\"1\"><label class=\"wpforms-field-label\" for=\"wpforms-48-field_1\">Correo electr\u00f3nico <span class=\"wpforms-required-label\">*<\/span><\/label><input type=\"email\" id=\"wpforms-48-field_1\" class=\"wpforms-field-medium wpforms-field-required\" name=\"wpforms[fields][1]\" spellcheck=\"false\" required><\/div><div id=\"wpforms-48-field_2-container\" class=\"wpforms-field wpforms-field-textarea\" data-field-id=\"2\"><label class=\"wpforms-field-label\" for=\"wpforms-48-field_2\">Escribe aqu\u00ed tu Consulta o Comentario <span class=\"wpforms-required-label\">*<\/span><\/label><textarea id=\"wpforms-48-field_2\" class=\"wpforms-field-medium wpforms-field-required\" name=\"wpforms[fields][2]\" required><\/textarea><\/div><\/div><!-- .wpforms-field-container --><div class=\"wpforms-field wpforms-field-hp\"><label for=\"wpforms-48-field-hp\" class=\"wpforms-field-label\">Website<\/label><input type=\"text\" name=\"wpforms[hp]\" id=\"wpforms-48-field-hp\" class=\"wpforms-field-medium\"><\/div><div class=\"wpforms-submit-container\" ><input type=\"hidden\" name=\"wpforms[id]\" value=\"48\"><input type=\"hidden\" name=\"page_title\" value=\"\"><input type=\"hidden\" name=\"page_url\" value=\"https:\/\/hccontadorespublicos.com\/index.php\/wp-json\/wp\/v2\/pages\/7\"><button type=\"submit\" name=\"wpforms[submit]\" id=\"wpforms-submit-48\" class=\"wpforms-submit button color1\" data-alt-text=\"Enviando...\" data-submit-text=\"Enviar\" aria-live=\"assertive\" value=\"wpforms-submit\">Enviar<\/button><\/div><\/form><\/div>  <!-- .wpforms-container --><\/div><\/div> <\/div><\/div> <\/div><\/div>","protected":false},"excerpt":{"rendered":"<p>Porque nuestros clientes importan Nuestro personal esta capacitado constantemente en las reformas fiscales y en el acontecer diario del sistema tributario mexicano, garantizando una asesor\u00eda oportuna y eficaz para cualquier tipo de r\u00e9gimen fiscal en que nuestros clientes operan. Atenci\u00f3n personalizada \u00a1Ponte en contacto! Perm\u00edtenos ser tu aliado estrat\u00e9gico para que tu empresa se desarrolle&hellip; <br \/> <a class=\"read-more\" href=\"https:\/\/hccontadorespublicos.com\/\">Leer m\u00e1s<\/a><\/p>\n","protected":false},"author":1,"featured_media":0,"parent":0,"menu_order":0,"comment_status":"closed","ping_status":"closed","template":"page-templates\/homepage.php","meta":{"footnotes":""},"class_list":["post-7","page","type-page","status-publish","hentry"],"yoast_head":"<!-- This site is optimized with the Yoast SEO plugin v24.4 - https:\/\/yoast.com\/wordpress\/plugins\/seo\/ -->\n<title>Front Page - HC CONTADORES P\u00daBLICOS<\/title>\n<meta name=\"robots\" content=\"index, follow, max-snippet:-1, max-image-preview:large, max-video-preview:-1\" \/>\n<link rel=\"canonical\" href=\"https:\/\/hccontadorespublicos.com\/\" \/>\n<meta property=\"og:locale\" content=\"es_MX\" \/>\n<meta property=\"og:type\" content=\"article\" \/>\n<meta property=\"og:title\" content=\"Front Page - HC CONTADORES P\u00daBLICOS\" \/>\n<meta property=\"og:description\" content=\"Porque nuestros clientes importan Nuestro personal esta capacitado constantemente en las reformas fiscales y en el acontecer diario del sistema tributario mexicano, garantizando una asesor\u00eda oportuna y eficaz para cualquier tipo de r\u00e9gimen fiscal en que nuestros clientes operan. Atenci\u00f3n personalizada \u00a1Ponte en contacto! Perm\u00edtenos ser tu aliado estrat\u00e9gico para que tu empresa se desarrolle&hellip; Leer m\u00e1s\" \/>\n<meta property=\"og:url\" content=\"https:\/\/hccontadorespublicos.com\/\" \/>\n<meta property=\"og:site_name\" content=\"HC CONTADORES P\u00daBLICOS\" \/>\n<meta property=\"article:modified_time\" content=\"2022-05-14T17:05:03+00:00\" \/>\n<meta property=\"og:image\" content=\"https:\/\/hccontadorespublicos.com\/wp-content\/uploads\/2022\/05\/Atencion.jpg\" \/>\n<meta name=\"twitter:card\" content=\"summary_large_image\" \/>\n<meta name=\"twitter:label1\" content=\"Tiempo de lectura\" \/>\n\t<meta name=\"twitter:data1\" content=\"1 minuto\" \/>\n<script type=\"application\/ld+json\" class=\"yoast-schema-graph\">{\"@context\":\"https:\/\/schema.org\",\"@graph\":[{\"@type\":\"WebPage\",\"@id\":\"https:\/\/hccontadorespublicos.com\/\",\"url\":\"https:\/\/hccontadorespublicos.com\/\",\"name\":\"Front Page - HC CONTADORES P\u00daBLICOS\",\"isPartOf\":{\"@id\":\"https:\/\/hccontadorespublicos.com\/#website\"},\"primaryImageOfPage\":{\"@id\":\"https:\/\/hccontadorespublicos.com\/#primaryimage\"},\"image\":{\"@id\":\"https:\/\/hccontadorespublicos.com\/#primaryimage\"},\"thumbnailUrl\":\"https:\/\/hccontadorespublicos.com\/wp-content\/uploads\/2022\/05\/Atencion.jpg\",\"datePublished\":\"2022-05-14T14:24:33+00:00\",\"dateModified\":\"2022-05-14T17:05:03+00:00\",\"breadcrumb\":{\"@id\":\"https:\/\/hccontadorespublicos.com\/#breadcrumb\"},\"inLanguage\":\"es\",\"potentialAction\":[{\"@type\":\"ReadAction\",\"target\":[\"https:\/\/hccontadorespublicos.com\/\"]}]},{\"@type\":\"ImageObject\",\"inLanguage\":\"es\",\"@id\":\"https:\/\/hccontadorespublicos.com\/#primaryimage\",\"url\":\"https:\/\/hccontadorespublicos.com\/wp-content\/uploads\/2022\/05\/Atencion.jpg\",\"contentUrl\":\"https:\/\/hccontadorespublicos.com\/wp-content\/uploads\/2022\/05\/Atencion.jpg\",\"width\":380,\"height\":260},{\"@type\":\"BreadcrumbList\",\"@id\":\"https:\/\/hccontadorespublicos.com\/#breadcrumb\",\"itemListElement\":[{\"@type\":\"ListItem\",\"position\":1,\"name\":\"Inicio\",\"item\":\"https:\/\/hccontadorespublicos.com\/\"},{\"@type\":\"ListItem\",\"position\":2,\"name\":\"Front Page\"}]},{\"@type\":\"WebSite\",\"@id\":\"https:\/\/hccontadorespublicos.com\/#website\",\"url\":\"https:\/\/hccontadorespublicos.com\/\",\"name\":\"HC CONTADORES P\u00daBLICOS\",\"description\":\"Asesor\u00eda fiscal y contable\",\"publisher\":{\"@id\":\"https:\/\/hccontadorespublicos.com\/#organization\"},\"potentialAction\":[{\"@type\":\"SearchAction\",\"target\":{\"@type\":\"EntryPoint\",\"urlTemplate\":\"https:\/\/hccontadorespublicos.com\/?s={search_term_string}\"},\"query-input\":{\"@type\":\"PropertyValueSpecification\",\"valueRequired\":true,\"valueName\":\"search_term_string\"}}],\"inLanguage\":\"es\"},{\"@type\":\"Organization\",\"@id\":\"https:\/\/hccontadorespublicos.com\/#organization\",\"name\":\"HC CONTADORES P\u00daBLICOS\",\"url\":\"https:\/\/hccontadorespublicos.com\/\",\"logo\":{\"@type\":\"ImageObject\",\"inLanguage\":\"es\",\"@id\":\"https:\/\/hccontadorespublicos.com\/#\/schema\/logo\/image\/\",\"url\":\"https:\/\/hccontadorespublicos.com\/wp-content\/uploads\/2022\/05\/Logo-HC.png\",\"contentUrl\":\"https:\/\/hccontadorespublicos.com\/wp-content\/uploads\/2022\/05\/Logo-HC.png\",\"width\":242,\"height\":73,\"caption\":\"HC CONTADORES P\u00daBLICOS\"},\"image\":{\"@id\":\"https:\/\/hccontadorespublicos.com\/#\/schema\/logo\/image\/\"}}]}<\/script>\n<!-- \/ Yoast SEO plugin. -->","yoast_head_json":{"title":"Front Page - HC CONTADORES P\u00daBLICOS","robots":{"index":"index","follow":"follow","max-snippet":"max-snippet:-1","max-image-preview":"max-image-preview:large","max-video-preview":"max-video-preview:-1"},"canonical":"https:\/\/hccontadorespublicos.com\/","og_locale":"es_MX","og_type":"article","og_title":"Front Page - HC CONTADORES P\u00daBLICOS","og_description":"Porque nuestros clientes importan Nuestro personal esta capacitado constantemente en las reformas fiscales y en el acontecer diario del sistema tributario mexicano, garantizando una asesor\u00eda oportuna y eficaz para cualquier tipo de r\u00e9gimen fiscal en que nuestros clientes operan. Atenci\u00f3n personalizada \u00a1Ponte en contacto! Perm\u00edtenos ser tu aliado estrat\u00e9gico para que tu empresa se desarrolle&hellip; Leer m\u00e1s","og_url":"https:\/\/hccontadorespublicos.com\/","og_site_name":"HC CONTADORES P\u00daBLICOS","article_modified_time":"2022-05-14T17:05:03+00:00","og_image":[{"url":"https:\/\/hccontadorespublicos.com\/wp-content\/uploads\/2022\/05\/Atencion.jpg","type":"","width":"","height":""}],"twitter_card":"summary_large_image","twitter_misc":{"Tiempo de lectura":"1 minuto"},"schema":{"@context":"https:\/\/schema.org","@graph":[{"@type":"WebPage","@id":"https:\/\/hccontadorespublicos.com\/","url":"https:\/\/hccontadorespublicos.com\/","name":"Front Page - HC CONTADORES P\u00daBLICOS","isPartOf":{"@id":"https:\/\/hccontadorespublicos.com\/#website"},"primaryImageOfPage":{"@id":"https:\/\/hccontadorespublicos.com\/#primaryimage"},"image":{"@id":"https:\/\/hccontadorespublicos.com\/#primaryimage"},"thumbnailUrl":"https:\/\/hccontadorespublicos.com\/wp-content\/uploads\/2022\/05\/Atencion.jpg","datePublished":"2022-05-14T14:24:33+00:00","dateModified":"2022-05-14T17:05:03+00:00","breadcrumb":{"@id":"https:\/\/hccontadorespublicos.com\/#breadcrumb"},"inLanguage":"es","potentialAction":[{"@type":"ReadAction","target":["https:\/\/hccontadorespublicos.com\/"]}]},{"@type":"ImageObject","inLanguage":"es","@id":"https:\/\/hccontadorespublicos.com\/#primaryimage","url":"https:\/\/hccontadorespublicos.com\/wp-content\/uploads\/2022\/05\/Atencion.jpg","contentUrl":"https:\/\/hccontadorespublicos.com\/wp-content\/uploads\/2022\/05\/Atencion.jpg","width":380,"height":260},{"@type":"BreadcrumbList","@id":"https:\/\/hccontadorespublicos.com\/#breadcrumb","itemListElement":[{"@type":"ListItem","position":1,"name":"Inicio","item":"https:\/\/hccontadorespublicos.com\/"},{"@type":"ListItem","position":2,"name":"Front Page"}]},{"@type":"WebSite","@id":"https:\/\/hccontadorespublicos.com\/#website","url":"https:\/\/hccontadorespublicos.com\/","name":"HC CONTADORES P\u00daBLICOS","description":"Asesor\u00eda fiscal y contable","publisher":{"@id":"https:\/\/hccontadorespublicos.com\/#organization"},"potentialAction":[{"@type":"SearchAction","target":{"@type":"EntryPoint","urlTemplate":"https:\/\/hccontadorespublicos.com\/?s={search_term_string}"},"query-input":{"@type":"PropertyValueSpecification","valueRequired":true,"valueName":"search_term_string"}}],"inLanguage":"es"},{"@type":"Organization","@id":"https:\/\/hccontadorespublicos.com\/#organization","name":"HC CONTADORES P\u00daBLICOS","url":"https:\/\/hccontadorespublicos.com\/","logo":{"@type":"ImageObject","inLanguage":"es","@id":"https:\/\/hccontadorespublicos.com\/#\/schema\/logo\/image\/","url":"https:\/\/hccontadorespublicos.com\/wp-content\/uploads\/2022\/05\/Logo-HC.png","contentUrl":"https:\/\/hccontadorespublicos.com\/wp-content\/uploads\/2022\/05\/Logo-HC.png","width":242,"height":73,"caption":"HC CONTADORES P\u00daBLICOS"},"image":{"@id":"https:\/\/hccontadorespublicos.com\/#\/schema\/logo\/image\/"}}]}},"_links":{"self":[{"href":"https:\/\/hccontadorespublicos.com\/index.php\/wp-json\/wp\/v2\/pages\/7","targetHints":{"allow":["GET"]}}],"collection":[{"href":"https:\/\/hccontadorespublicos.com\/index.php\/wp-json\/wp\/v2\/pages"}],"about":[{"href":"https:\/\/hccontadorespublicos.com\/index.php\/wp-json\/wp\/v2\/types\/page"}],"author":[{"embeddable":true,"href":"https:\/\/hccontadorespublicos.com\/index.php\/wp-json\/wp\/v2\/users\/1"}],"replies":[{"embeddable":true,"href":"https:\/\/hccontadorespublicos.com\/index.php\/wp-json\/wp\/v2\/comments?post=7"}],"version-history":[{"count":16,"href":"https:\/\/hccontadorespublicos.com\/index.php\/wp-json\/wp\/v2\/pages\/7\/revisions"}],"predecessor-version":[{"id":85,"href":"https:\/\/hccontadorespublicos.com\/index.php\/wp-json\/wp\/v2\/pages\/7\/revisions\/85"}],"wp:attachment":[{"href":"https:\/\/hccontadorespublicos.com\/index.php\/wp-json\/wp\/v2\/media?parent=7"}],"curies":[{"name":"wp","href":"https:\/\/api.w.org\/{rel}","templated":true}]}}